{"id":4,"date":"2017-06-03T11:49:12","date_gmt":"2017-06-03T11:49:12","guid":{"rendered":"http:\/\/constructionluc.ca\/?page_id=4"},"modified":"2017-07-25T13:40:40","modified_gmt":"2017-07-25T13:40:40","slug":"accueil","status":"publish","type":"page","link":"https:\/\/constructionluc.ca\/","title":{"rendered":"Accueil"},"content":{"rendered":"<p>Entrepreneur sp\u00e9cialis\u00e9 en d\u00e9neigement et travaux de sous-finition de routes et autoroutes dans le domaine du g\u00e9nie civil et voirie.<\/p>\n","protected":false},"excerpt":{"rendered":"<p>Entrepreneur sp\u00e9cialis\u00e9 en d\u00e9neigement et travaux de sous-finition de routes et autoroutes dans le domaine du g\u00e9nie civil et voirie.<\/p>\n","protected":false},"author":1,"featured_media":0,"parent":0,"menu_order":0,"comment_status":"closed","ping_status":"closed","template":"","meta":{"footnotes":""},"class_list":["post-4","page","type-page","status-publish","hentry"],"yoast_head":"<!-- This site is optimized with the Yoast SEO plugin v25.3 - https:\/\/yoast.com\/wordpress\/plugins\/seo\/ -->\n<title>D\u00e9neigement, sous-finition de routes et autoroutes, g\u00e9nie civil et voirie.<\/title>\n<meta name=\"description\" content=\"Entrepreneur sp\u00e9cialis\u00e9 en d\u00e9neigement, remblais et travaux de sous-finition de routes et autoroutes dans le domaine du g\u00e9nie civil et voirie.\" \/>\n<meta name=\"robots\" content=\"index, follow, max-snippet:-1, max-image-preview:large, max-video-preview:-1\" \/>\n<link rel=\"canonical\" href=\"https:\/\/constructionluc.ca\/\" \/>\n<meta property=\"og:locale\" content=\"fr_FR\" \/>\n<meta property=\"og:type\" content=\"article\" \/>\n<meta property=\"og:title\" content=\"D\u00e9neigement, sous-finition de routes et autoroutes, g\u00e9nie civil et voirie.\" \/>\n<meta property=\"og:description\" content=\"Entrepreneur sp\u00e9cialis\u00e9 en d\u00e9neigement, remblais et travaux de sous-finition de routes et autoroutes dans le domaine du g\u00e9nie civil et voirie.\" \/>\n<meta property=\"og:url\" content=\"https:\/\/constructionluc.ca\/\" \/>\n<meta property=\"og:site_name\" content=\"Construction Luc\" \/>\n<meta property=\"article:publisher\" content=\"https:\/\/www.facebook.com\/constructionlucinc\/\" \/>\n<meta property=\"article:modified_time\" content=\"2017-07-25T13:40:40+00:00\" \/>\n<meta property=\"og:image\" content=\"https:\/\/www.facebook.com\/constructionlucinc\/\" \/>\n<meta name=\"twitter:card\" content=\"summary_large_image\" \/>\n<script type=\"application\/ld+json\" class=\"yoast-schema-graph\">{\"@context\":\"https:\/\/schema.org\",\"@graph\":[{\"@type\":\"WebPage\",\"@id\":\"https:\/\/constructionluc.ca\/\",\"url\":\"https:\/\/constructionluc.ca\/\",\"name\":\"D\u00e9neigement, sous-finition de routes et autoroutes, g\u00e9nie civil et voirie.\",\"isPartOf\":{\"@id\":\"https:\/\/constructionluc.ca\/#website\"},\"datePublished\":\"2017-06-03T11:49:12+00:00\",\"dateModified\":\"2017-07-25T13:40:40+00:00\",\"description\":\"Entrepreneur sp\u00e9cialis\u00e9 en d\u00e9neigement, remblais et travaux de sous-finition de routes et autoroutes dans le domaine du g\u00e9nie civil et voirie.\",\"breadcrumb\":{\"@id\":\"https:\/\/constructionluc.ca\/#breadcrumb\"},\"inLanguage\":\"fr-FR\",\"potentialAction\":[{\"@type\":\"ReadAction\",\"target\":[\"https:\/\/constructionluc.ca\/\"]}]},{\"@type\":\"BreadcrumbList\",\"@id\":\"https:\/\/constructionluc.ca\/#breadcrumb\",\"itemListElement\":[{\"@type\":\"ListItem\",\"position\":1,\"name\":\"Accueil\",\"item\":\"https:\/\/constructionluc.ca\/\"},{\"@type\":\"ListItem\",\"position\":2,\"name\":\"Accueil\"}]},{\"@type\":\"WebSite\",\"@id\":\"https:\/\/constructionluc.ca\/#website\",\"url\":\"https:\/\/constructionluc.ca\/\",\"name\":\"Construction Luc\",\"description\":\"(450) 619-2553\",\"publisher\":{\"@id\":\"https:\/\/constructionluc.ca\/#organization\"},\"potentialAction\":[{\"@type\":\"SearchAction\",\"target\":{\"@type\":\"EntryPoint\",\"urlTemplate\":\"https:\/\/constructionluc.ca\/?s={search_term_string}\"},\"query-input\":{\"@type\":\"PropertyValueSpecification\",\"valueRequired\":true,\"valueName\":\"search_term_string\"}}],\"inLanguage\":\"fr-FR\"},{\"@type\":\"Organization\",\"@id\":\"https:\/\/constructionluc.ca\/#organization\",\"name\":\"Construction luc inc\",\"url\":\"https:\/\/constructionluc.ca\/\",\"logo\":{\"@type\":\"ImageObject\",\"inLanguage\":\"fr-FR\",\"@id\":\"https:\/\/constructionluc.ca\/#\/schema\/logo\/image\/\",\"url\":\"http:\/\/constructionluc.ca\/wp-content\/uploads\/2018\/04\/cropped-cropped-LogoNoirRond.png\",\"contentUrl\":\"http:\/\/constructionluc.ca\/wp-content\/uploads\/2018\/04\/cropped-cropped-LogoNoirRond.png\",\"width\":512,\"height\":512,\"caption\":\"Construction luc inc\"},\"image\":{\"@id\":\"https:\/\/constructionluc.ca\/#\/schema\/logo\/image\/\"},\"sameAs\":[\"https:\/\/www.facebook.com\/constructionlucinc\/\"]}]}<\/script>\n<!-- \/ Yoast SEO plugin. -->","yoast_head_json":{"title":"D\u00e9neigement, sous-finition de routes et autoroutes, g\u00e9nie civil et voirie.","description":"Entrepreneur sp\u00e9cialis\u00e9 en d\u00e9neigement, remblais et travaux de sous-finition de routes et autoroutes dans le domaine du g\u00e9nie civil et voirie.","robots":{"index":"index","follow":"follow","max-snippet":"max-snippet:-1","max-image-preview":"max-image-preview:large","max-video-preview":"max-video-preview:-1"},"canonical":"https:\/\/constructionluc.ca\/","og_locale":"fr_FR","og_type":"article","og_title":"D\u00e9neigement, sous-finition de routes et autoroutes, g\u00e9nie civil et voirie.","og_description":"Entrepreneur sp\u00e9cialis\u00e9 en d\u00e9neigement, remblais et travaux de sous-finition de routes et autoroutes dans le domaine du g\u00e9nie civil et voirie.","og_url":"https:\/\/constructionluc.ca\/","og_site_name":"Construction Luc","article_publisher":"https:\/\/www.facebook.com\/constructionlucinc\/","article_modified_time":"2017-07-25T13:40:40+00:00","og_image":[{"url":"https:\/\/www.facebook.com\/constructionlucinc\/","type":"","width":"","height":""}],"twitter_card":"summary_large_image","schema":{"@context":"https:\/\/schema.org","@graph":[{"@type":"WebPage","@id":"https:\/\/constructionluc.ca\/","url":"https:\/\/constructionluc.ca\/","name":"D\u00e9neigement, sous-finition de routes et autoroutes, g\u00e9nie civil et voirie.","isPartOf":{"@id":"https:\/\/constructionluc.ca\/#website"},"datePublished":"2017-06-03T11:49:12+00:00","dateModified":"2017-07-25T13:40:40+00:00","description":"Entrepreneur sp\u00e9cialis\u00e9 en d\u00e9neigement, remblais et travaux de sous-finition de routes et autoroutes dans le domaine du g\u00e9nie civil et voirie.","breadcrumb":{"@id":"https:\/\/constructionluc.ca\/#breadcrumb"},"inLanguage":"fr-FR","potentialAction":[{"@type":"ReadAction","target":["https:\/\/constructionluc.ca\/"]}]},{"@type":"BreadcrumbList","@id":"https:\/\/constructionluc.ca\/#breadcrumb","itemListElement":[{"@type":"ListItem","position":1,"name":"Accueil","item":"https:\/\/constructionluc.ca\/"},{"@type":"ListItem","position":2,"name":"Accueil"}]},{"@type":"WebSite","@id":"https:\/\/constructionluc.ca\/#website","url":"https:\/\/constructionluc.ca\/","name":"Construction Luc","description":"(450) 619-2553","publisher":{"@id":"https:\/\/constructionluc.ca\/#organization"},"potentialAction":[{"@type":"SearchAction","target":{"@type":"EntryPoint","urlTemplate":"https:\/\/constructionluc.ca\/?s={search_term_string}"},"query-input":{"@type":"PropertyValueSpecification","valueRequired":true,"valueName":"search_term_string"}}],"inLanguage":"fr-FR"},{"@type":"Organization","@id":"https:\/\/constructionluc.ca\/#organization","name":"Construction luc inc","url":"https:\/\/constructionluc.ca\/","logo":{"@type":"ImageObject","inLanguage":"fr-FR","@id":"https:\/\/constructionluc.ca\/#\/schema\/logo\/image\/","url":"http:\/\/constructionluc.ca\/wp-content\/uploads\/2018\/04\/cropped-cropped-LogoNoirRond.png","contentUrl":"http:\/\/constructionluc.ca\/wp-content\/uploads\/2018\/04\/cropped-cropped-LogoNoirRond.png","width":512,"height":512,"caption":"Construction luc inc"},"image":{"@id":"https:\/\/constructionluc.ca\/#\/schema\/logo\/image\/"},"sameAs":["https:\/\/www.facebook.com\/constructionlucinc\/"]}]}},"_links":{"self":[{"href":"https:\/\/constructionluc.ca\/index.php\/wp-json\/wp\/v2\/pages\/4","targetHints":{"allow":["GET"]}}],"collection":[{"href":"https:\/\/constructionluc.ca\/index.php\/wp-json\/wp\/v2\/pages"}],"about":[{"href":"https:\/\/constructionluc.ca\/index.php\/wp-json\/wp\/v2\/types\/page"}],"author":[{"embeddable":true,"href":"https:\/\/constructionluc.ca\/index.php\/wp-json\/wp\/v2\/users\/1"}],"replies":[{"embeddable":true,"href":"https:\/\/constructionluc.ca\/index.php\/wp-json\/wp\/v2\/comments?post=4"}],"version-history":[{"count":3,"href":"https:\/\/constructionluc.ca\/index.php\/wp-json\/wp\/v2\/pages\/4\/revisions"}],"predecessor-version":[{"id":147,"href":"https:\/\/constructionluc.ca\/index.php\/wp-json\/wp\/v2\/pages\/4\/revisions\/147"}],"wp:attachment":[{"href":"https:\/\/constructionluc.ca\/index.php\/wp-json\/wp\/v2\/media?parent=4"}],"curies":[{"name":"wp","href":"https:\/\/api.w.org\/{rel}","templated":true}]}}