{"id":72,"date":"2017-06-03T12:46:42","date_gmt":"2017-06-03T12:46:42","guid":{"rendered":"http:\/\/constructionluc.ca\/?page_id=72"},"modified":"2018-09-27T14:41:27","modified_gmt":"2018-09-27T14:41:27","slug":"notre-expertises-voirie","status":"publish","type":"page","link":"https:\/\/constructionluc.ca\/index.php\/notre-expertises-voirie\/","title":{"rendered":"Nos services"},"content":{"rendered":"<h1>LE PROFESSIONNALISME AU SERVICE DE VOTRE SATISFACTION<\/h1>\n<p>Que ce soit pour un projet commercial, industriel\u00a0ou municipal, pour la voirie nous disposons des \u00e9quipements appropri\u00e9s et du savoir-faire pour un r\u00e9sultat \u00e0 la hauteur de vos exigences. Conforme \u00e0 la norme ISO 9001. Veuillez nous contacter d\u00e8s aujourd\u2019hui pour une estimation gratuite de vos travaux.<\/p>\n<h3>G\u00c9NIE CIVIL &amp; VOIRIE<\/h3>\n<ul>\n<li>Pr\u00e9paration avant pavage: nivellement final &#8211; fine grade<\/li>\n<li>Remblais de mat\u00e9riaux<\/li>\n<li>Compaction des sols<\/li>\n<li>Infrastructure de routes et autoroutes<\/li>\n<li>Location de machinerie avec syst\u00e8me 3D et GPS<\/li>\n<li>Transport en vrac<\/li>\n<\/ul>\n<h3>D\u00c9NEIGEMENT<\/h3>\n<ul>\n<li>D\u00e9neigement des rues et trottoirs de la Ville de Brossard<\/li>\n<li>\u00c9pandage d&rsquo;abrasif pour passages pi\u00e9tons<\/li>\n<li>Chargements<\/li>\n<\/ul>\n<p><img decoding=\"async\" src=\"https:\/\/mail.google.com\/mail\/u\/0?ui=2&amp;ik=29713ca4af&amp;attid=0.1&amp;permmsgid=msg-a:s:-5987878530379154914&amp;th=1634f33b6da4cdb3&amp;view=fimg&amp;sz=s0-l75-ft&amp;attbid=ANGjdJ9HYW11usZDC9jZ1vaRKY0io22quIHmd6s6ZAdCOOnSvuxVZwSIDF81LXZ4O_V4miTlJn2VxorU-gs79kbhChqgY24UIuGn5_HY-4LwJPyBH2vYWrZfVLcwRfU&amp;disp=emb&amp;realattid=ii_jh1xs6a60_1634f2b340b330fc\" \/><\/p>\n","protected":false},"excerpt":{"rendered":"<p>LE PROFESSIONNALISME AU SERVICE DE VOTRE SATISFACTION Que ce soit pour un projet commercial, industriel\u00a0ou municipal, pour la voirie nous disposons des \u00e9quipements appropri\u00e9s et du savoir-faire pour un r\u00e9sultat \u00e0 la hauteur de vos exigences. Conforme \u00e0 la norme ISO 9001. Veuillez nous contacter d\u00e8s aujourd\u2019hui pour une estimation gratuite de vos travaux. G\u00c9NIE <a href=\"https:\/\/constructionluc.ca\/index.php\/notre-expertises-voirie\/\" rel=\"nofollow\"><span class=\"sr-only\">En savoir plus surNos services<\/span>[&hellip;]<\/a><\/p>\n","protected":false},"author":1,"featured_media":0,"parent":0,"menu_order":0,"comment_status":"closed","ping_status":"closed","template":"","meta":{"footnotes":""},"class_list":["post-72","page","type-page","status-publish","hentry"],"yoast_head":"<!-- This site is optimized with the Yoast SEO plugin v25.3 - https:\/\/yoast.com\/wordpress\/plugins\/seo\/ -->\n<title>D\u00e9neigement, sous-finition, route, g\u00e9nie civil, voirie, fine grade, nivellement<\/title>\n<meta name=\"description\" content=\"Entrepreneur sp\u00e9cialis\u00e9 en d\u00e9neigement, remblais et travaux de sous-finition de routes et autoroutes dans le domaine du g\u00e9nie civil et voirie.\" \/>\n<meta name=\"robots\" content=\"index, follow, max-snippet:-1, max-image-preview:large, max-video-preview:-1\" \/>\n<link rel=\"canonical\" href=\"http:\/\/constructionluc.ca\/index.php\/notre-expertises-voirie\/\" \/>\n<meta property=\"og:locale\" content=\"fr_FR\" \/>\n<meta property=\"og:type\" content=\"article\" \/>\n<meta property=\"og:title\" content=\"D\u00e9neigement, sous-finition, route, g\u00e9nie civil, voirie, fine grade, nivellement\" \/>\n<meta property=\"og:description\" content=\"Entrepreneur sp\u00e9cialis\u00e9 en d\u00e9neigement, remblais et travaux de sous-finition de routes et autoroutes dans le domaine du g\u00e9nie civil et voirie.\" \/>\n<meta property=\"og:url\" content=\"http:\/\/constructionluc.ca\/index.php\/notre-expertises-voirie\/\" \/>\n<meta property=\"og:site_name\" content=\"Construction Luc\" \/>\n<meta property=\"article:publisher\" content=\"https:\/\/www.facebook.com\/constructionlucinc\/\" \/>\n<meta property=\"article:modified_time\" content=\"2018-09-27T14:41:27+00:00\" \/>\n<meta property=\"og:image\" content=\"https:\/\/mail.google.com\/mail\/u\/0?ui=2&amp;ik=29713ca4af&amp;attid=0.1&amp;permmsgid=msg-a:s:-5987878530379154914&amp;th=1634f33b6da4cdb3&amp;view=fimg&amp;sz=s0-l75-ft&amp;attbid=ANGjdJ9HYW11usZDC9jZ1vaRKY0io22quIHmd6s6ZAdCOOnSvuxVZwSIDF81LXZ4O_V4miTlJn2VxorU-gs79kbhChqgY24UIuGn5_HY-4LwJPyBH2vYWrZfVLcwRfU&amp;disp=emb&amp;realattid=ii_jh1xs6a60_1634f2b340b330fc\" \/>\n<meta name=\"twitter:card\" content=\"summary_large_image\" \/>\n<meta name=\"twitter:label1\" content=\"Dur\u00e9e de lecture estim\u00e9e\" \/>\n\t<meta name=\"twitter:data1\" content=\"1 minute\" \/>\n<script type=\"application\/ld+json\" class=\"yoast-schema-graph\">{\"@context\":\"https:\/\/schema.org\",\"@graph\":[{\"@type\":\"WebPage\",\"@id\":\"http:\/\/constructionluc.ca\/index.php\/notre-expertises-voirie\/\",\"url\":\"http:\/\/constructionluc.ca\/index.php\/notre-expertises-voirie\/\",\"name\":\"D\u00e9neigement, sous-finition, route, g\u00e9nie civil, voirie, fine grade, nivellement\",\"isPartOf\":{\"@id\":\"http:\/\/constructionluc.ca\/#website\"},\"primaryImageOfPage\":{\"@id\":\"http:\/\/constructionluc.ca\/index.php\/notre-expertises-voirie\/#primaryimage\"},\"image\":{\"@id\":\"http:\/\/constructionluc.ca\/index.php\/notre-expertises-voirie\/#primaryimage\"},\"thumbnailUrl\":\"https:\/\/mail.google.com\/mail\/u\/0?ui=2&amp;ik=29713ca4af&amp;attid=0.1&amp;permmsgid=msg-a:s:-5987878530379154914&amp;th=1634f33b6da4cdb3&amp;view=fimg&amp;sz=s0-l75-ft&amp;attbid=ANGjdJ9HYW11usZDC9jZ1vaRKY0io22quIHmd6s6ZAdCOOnSvuxVZwSIDF81LXZ4O_V4miTlJn2VxorU-gs79kbhChqgY24UIuGn5_HY-4LwJPyBH2vYWrZfVLcwRfU&amp;disp=emb&amp;realattid=ii_jh1xs6a60_1634f2b340b330fc\",\"datePublished\":\"2017-06-03T12:46:42+00:00\",\"dateModified\":\"2018-09-27T14:41:27+00:00\",\"description\":\"Entrepreneur sp\u00e9cialis\u00e9 en d\u00e9neigement, remblais et travaux de sous-finition de routes et autoroutes dans le domaine du g\u00e9nie civil et voirie.\",\"breadcrumb\":{\"@id\":\"http:\/\/constructionluc.ca\/index.php\/notre-expertises-voirie\/#breadcrumb\"},\"inLanguage\":\"fr-FR\",\"potentialAction\":[{\"@type\":\"ReadAction\",\"target\":[\"http:\/\/constructionluc.ca\/index.php\/notre-expertises-voirie\/\"]}]},{\"@type\":\"ImageObject\",\"inLanguage\":\"fr-FR\",\"@id\":\"http:\/\/constructionluc.ca\/index.php\/notre-expertises-voirie\/#primaryimage\",\"url\":\"https:\/\/mail.google.com\/mail\/u\/0?ui=2&amp;ik=29713ca4af&amp;attid=0.1&amp;permmsgid=msg-a:s:-5987878530379154914&amp;th=1634f33b6da4cdb3&amp;view=fimg&amp;sz=s0-l75-ft&amp;attbid=ANGjdJ9HYW11usZDC9jZ1vaRKY0io22quIHmd6s6ZAdCOOnSvuxVZwSIDF81LXZ4O_V4miTlJn2VxorU-gs79kbhChqgY24UIuGn5_HY-4LwJPyBH2vYWrZfVLcwRfU&amp;disp=emb&amp;realattid=ii_jh1xs6a60_1634f2b340b330fc\",\"contentUrl\":\"https:\/\/mail.google.com\/mail\/u\/0?ui=2&amp;ik=29713ca4af&amp;attid=0.1&amp;permmsgid=msg-a:s:-5987878530379154914&amp;th=1634f33b6da4cdb3&amp;view=fimg&amp;sz=s0-l75-ft&amp;attbid=ANGjdJ9HYW11usZDC9jZ1vaRKY0io22quIHmd6s6ZAdCOOnSvuxVZwSIDF81LXZ4O_V4miTlJn2VxorU-gs79kbhChqgY24UIuGn5_HY-4LwJPyBH2vYWrZfVLcwRfU&amp;disp=emb&amp;realattid=ii_jh1xs6a60_1634f2b340b330fc\"},{\"@type\":\"BreadcrumbList\",\"@id\":\"http:\/\/constructionluc.ca\/index.php\/notre-expertises-voirie\/#breadcrumb\",\"itemListElement\":[{\"@type\":\"ListItem\",\"position\":1,\"name\":\"Accueil\",\"item\":\"http:\/\/constructionluc.ca\/\"},{\"@type\":\"ListItem\",\"position\":2,\"name\":\"Nos services\"}]},{\"@type\":\"WebSite\",\"@id\":\"http:\/\/constructionluc.ca\/#website\",\"url\":\"http:\/\/constructionluc.ca\/\",\"name\":\"Construction Luc\",\"description\":\"(450) 619-2553\",\"publisher\":{\"@id\":\"http:\/\/constructionluc.ca\/#organization\"},\"potentialAction\":[{\"@type\":\"SearchAction\",\"target\":{\"@type\":\"EntryPoint\",\"urlTemplate\":\"http:\/\/constructionluc.ca\/?s={search_term_string}\"},\"query-input\":{\"@type\":\"PropertyValueSpecification\",\"valueRequired\":true,\"valueName\":\"search_term_string\"}}],\"inLanguage\":\"fr-FR\"},{\"@type\":\"Organization\",\"@id\":\"http:\/\/constructionluc.ca\/#organization\",\"name\":\"Construction luc inc\",\"url\":\"http:\/\/constructionluc.ca\/\",\"logo\":{\"@type\":\"ImageObject\",\"inLanguage\":\"fr-FR\",\"@id\":\"http:\/\/constructionluc.ca\/#\/schema\/logo\/image\/\",\"url\":\"http:\/\/constructionluc.ca\/wp-content\/uploads\/2018\/04\/cropped-cropped-LogoNoirRond.png\",\"contentUrl\":\"http:\/\/constructionluc.ca\/wp-content\/uploads\/2018\/04\/cropped-cropped-LogoNoirRond.png\",\"width\":512,\"height\":512,\"caption\":\"Construction luc inc\"},\"image\":{\"@id\":\"http:\/\/constructionluc.ca\/#\/schema\/logo\/image\/\"},\"sameAs\":[\"https:\/\/www.facebook.com\/constructionlucinc\/\"]}]}<\/script>\n<!-- \/ Yoast SEO plugin. -->","yoast_head_json":{"title":"D\u00e9neigement, sous-finition, route, g\u00e9nie civil, voirie, fine grade, nivellement","description":"Entrepreneur sp\u00e9cialis\u00e9 en d\u00e9neigement, remblais et travaux de sous-finition de routes et autoroutes dans le domaine du g\u00e9nie civil et voirie.","robots":{"index":"index","follow":"follow","max-snippet":"max-snippet:-1","max-image-preview":"max-image-preview:large","max-video-preview":"max-video-preview:-1"},"canonical":"http:\/\/constructionluc.ca\/index.php\/notre-expertises-voirie\/","og_locale":"fr_FR","og_type":"article","og_title":"D\u00e9neigement, sous-finition, route, g\u00e9nie civil, voirie, fine grade, nivellement","og_description":"Entrepreneur sp\u00e9cialis\u00e9 en d\u00e9neigement, remblais et travaux de sous-finition de routes et autoroutes dans le domaine du g\u00e9nie civil et voirie.","og_url":"http:\/\/constructionluc.ca\/index.php\/notre-expertises-voirie\/","og_site_name":"Construction Luc","article_publisher":"https:\/\/www.facebook.com\/constructionlucinc\/","article_modified_time":"2018-09-27T14:41:27+00:00","og_image":[{"url":"https:\/\/mail.google.com\/mail\/u\/0?ui=2&amp;ik=29713ca4af&amp;attid=0.1&amp;permmsgid=msg-a:s:-5987878530379154914&amp;th=1634f33b6da4cdb3&amp;view=fimg&amp;sz=s0-l75-ft&amp;attbid=ANGjdJ9HYW11usZDC9jZ1vaRKY0io22quIHmd6s6ZAdCOOnSvuxVZwSIDF81LXZ4O_V4miTlJn2VxorU-gs79kbhChqgY24UIuGn5_HY-4LwJPyBH2vYWrZfVLcwRfU&amp;disp=emb&amp;realattid=ii_jh1xs6a60_1634f2b340b330fc","type":"","width":"","height":""}],"twitter_card":"summary_large_image","twitter_misc":{"Dur\u00e9e de lecture estim\u00e9e":"1 minute"},"schema":{"@context":"https:\/\/schema.org","@graph":[{"@type":"WebPage","@id":"http:\/\/constructionluc.ca\/index.php\/notre-expertises-voirie\/","url":"http:\/\/constructionluc.ca\/index.php\/notre-expertises-voirie\/","name":"D\u00e9neigement, sous-finition, route, g\u00e9nie civil, voirie, fine grade, nivellement","isPartOf":{"@id":"http:\/\/constructionluc.ca\/#website"},"primaryImageOfPage":{"@id":"http:\/\/constructionluc.ca\/index.php\/notre-expertises-voirie\/#primaryimage"},"image":{"@id":"http:\/\/constructionluc.ca\/index.php\/notre-expertises-voirie\/#primaryimage"},"thumbnailUrl":"https:\/\/mail.google.com\/mail\/u\/0?ui=2&amp;ik=29713ca4af&amp;attid=0.1&amp;permmsgid=msg-a:s:-5987878530379154914&amp;th=1634f33b6da4cdb3&amp;view=fimg&amp;sz=s0-l75-ft&amp;attbid=ANGjdJ9HYW11usZDC9jZ1vaRKY0io22quIHmd6s6ZAdCOOnSvuxVZwSIDF81LXZ4O_V4miTlJn2VxorU-gs79kbhChqgY24UIuGn5_HY-4LwJPyBH2vYWrZfVLcwRfU&amp;disp=emb&amp;realattid=ii_jh1xs6a60_1634f2b340b330fc","datePublished":"2017-06-03T12:46:42+00:00","dateModified":"2018-09-27T14:41:27+00:00","description":"Entrepreneur sp\u00e9cialis\u00e9 en d\u00e9neigement, remblais et travaux de sous-finition de routes et autoroutes dans le domaine du g\u00e9nie civil et voirie.","breadcrumb":{"@id":"http:\/\/constructionluc.ca\/index.php\/notre-expertises-voirie\/#breadcrumb"},"inLanguage":"fr-FR","potentialAction":[{"@type":"ReadAction","target":["http:\/\/constructionluc.ca\/index.php\/notre-expertises-voirie\/"]}]},{"@type":"ImageObject","inLanguage":"fr-FR","@id":"http:\/\/constructionluc.ca\/index.php\/notre-expertises-voirie\/#primaryimage","url":"https:\/\/mail.google.com\/mail\/u\/0?ui=2&amp;ik=29713ca4af&amp;attid=0.1&amp;permmsgid=msg-a:s:-5987878530379154914&amp;th=1634f33b6da4cdb3&amp;view=fimg&amp;sz=s0-l75-ft&amp;attbid=ANGjdJ9HYW11usZDC9jZ1vaRKY0io22quIHmd6s6ZAdCOOnSvuxVZwSIDF81LXZ4O_V4miTlJn2VxorU-gs79kbhChqgY24UIuGn5_HY-4LwJPyBH2vYWrZfVLcwRfU&amp;disp=emb&amp;realattid=ii_jh1xs6a60_1634f2b340b330fc","contentUrl":"https:\/\/mail.google.com\/mail\/u\/0?ui=2&amp;ik=29713ca4af&amp;attid=0.1&amp;permmsgid=msg-a:s:-5987878530379154914&amp;th=1634f33b6da4cdb3&amp;view=fimg&amp;sz=s0-l75-ft&amp;attbid=ANGjdJ9HYW11usZDC9jZ1vaRKY0io22quIHmd6s6ZAdCOOnSvuxVZwSIDF81LXZ4O_V4miTlJn2VxorU-gs79kbhChqgY24UIuGn5_HY-4LwJPyBH2vYWrZfVLcwRfU&amp;disp=emb&amp;realattid=ii_jh1xs6a60_1634f2b340b330fc"},{"@type":"BreadcrumbList","@id":"http:\/\/constructionluc.ca\/index.php\/notre-expertises-voirie\/#breadcrumb","itemListElement":[{"@type":"ListItem","position":1,"name":"Accueil","item":"http:\/\/constructionluc.ca\/"},{"@type":"ListItem","position":2,"name":"Nos services"}]},{"@type":"WebSite","@id":"http:\/\/constructionluc.ca\/#website","url":"http:\/\/constructionluc.ca\/","name":"Construction Luc","description":"(450) 619-2553","publisher":{"@id":"http:\/\/constructionluc.ca\/#organization"},"potentialAction":[{"@type":"SearchAction","target":{"@type":"EntryPoint","urlTemplate":"http:\/\/constructionluc.ca\/?s={search_term_string}"},"query-input":{"@type":"PropertyValueSpecification","valueRequired":true,"valueName":"search_term_string"}}],"inLanguage":"fr-FR"},{"@type":"Organization","@id":"http:\/\/constructionluc.ca\/#organization","name":"Construction luc inc","url":"http:\/\/constructionluc.ca\/","logo":{"@type":"ImageObject","inLanguage":"fr-FR","@id":"http:\/\/constructionluc.ca\/#\/schema\/logo\/image\/","url":"http:\/\/constructionluc.ca\/wp-content\/uploads\/2018\/04\/cropped-cropped-LogoNoirRond.png","contentUrl":"http:\/\/constructionluc.ca\/wp-content\/uploads\/2018\/04\/cropped-cropped-LogoNoirRond.png","width":512,"height":512,"caption":"Construction luc inc"},"image":{"@id":"http:\/\/constructionluc.ca\/#\/schema\/logo\/image\/"},"sameAs":["https:\/\/www.facebook.com\/constructionlucinc\/"]}]}},"_links":{"self":[{"href":"https:\/\/constructionluc.ca\/index.php\/wp-json\/wp\/v2\/pages\/72","targetHints":{"allow":["GET"]}}],"collection":[{"href":"https:\/\/constructionluc.ca\/index.php\/wp-json\/wp\/v2\/pages"}],"about":[{"href":"https:\/\/constructionluc.ca\/index.php\/wp-json\/wp\/v2\/types\/page"}],"author":[{"embeddable":true,"href":"https:\/\/constructionluc.ca\/index.php\/wp-json\/wp\/v2\/users\/1"}],"replies":[{"embeddable":true,"href":"https:\/\/constructionluc.ca\/index.php\/wp-json\/wp\/v2\/comments?post=72"}],"version-history":[{"count":15,"href":"https:\/\/constructionluc.ca\/index.php\/wp-json\/wp\/v2\/pages\/72\/revisions"}],"predecessor-version":[{"id":178,"href":"https:\/\/constructionluc.ca\/index.php\/wp-json\/wp\/v2\/pages\/72\/revisions\/178"}],"wp:attachment":[{"href":"https:\/\/constructionluc.ca\/index.php\/wp-json\/wp\/v2\/media?parent=72"}],"curies":[{"name":"wp","href":"https:\/\/api.w.org\/{rel}","templated":true}]}}